{"id":2655,"date":"2024-10-14T08:14:05","date_gmt":"2024-10-14T08:14:05","guid":{"rendered":"https:\/\/www.simkon.de\/travelling-axes\/abb-robot\/verfahrachse-ft30-al\/"},"modified":"2024-10-18T10:26:46","modified_gmt":"2024-10-18T10:26:46","slug":"verfahrachse-ft30-al","status":"publish","type":"page","link":"https:\/\/www.simkon.de\/en\/travelling-axes\/abb-robot\/robottrack-ft30-al\/","title":{"rendered":"Robottrack FT30-AL"},"content":{"rendered":"<div class=\"wpb-content-wrapper\"><p>[vc_row][vc_column][vc_custom_heading text=&#8221;ROBOTTRACK FT30-AL&#8221; font_container=&#8221;tag:h1|font_size:53px|text_align:left|color:%23e6007e&#8221; google_fonts=&#8221;font_family:Source%20Sans%20Pro%3A200%2C200italic%2C300%2C300italic%2Cregular%2Citalic%2C600%2C600italic%2C700%2C700italic%2C900%2C900italic|font_style:900%20bold%20regular%3A900%3Anormal&#8221;][vc_row_inner][vc_column_inner width=&#8221;1\/2&#8243;][vc_column_text css_animation=&#8221;fadeInUp&#8221;]<\/p>\n<div class=\"tg-wrap\">\n<div class=\"tg-wrap\">\n<table class=\"tg\">\n<tbody>\n<tr>\n<td class=\"tg-q0ss\" style=\"text-align: left;\">Mounting position<\/td>\n<td class=\"tg-0lax\" style=\"text-align: left;\">Floor<\/td>\n<\/tr>\n<tr>\n<td class=\"tg-0lax\" style=\"text-align: left;\">Mass axis<\/td>\n<td class=\"tg-0lax\" style=\"text-align: left;\">75 kg\/m<\/td>\n<\/tr>\n<tr>\n<td class=\"tg-0lax\" style=\"text-align: left;\">Guiding rollsize<\/td>\n<td class=\"tg-0lax\" style=\"text-align: left;\">30<\/td>\n<\/tr>\n<tr>\n<td class=\"tg-0lax\" style=\"text-align: left;\">Driving System<\/td>\n<td class=\"tg-0lax\" style=\"text-align: left;\">M3<\/td>\n<\/tr>\n<tr>\n<td class=\"tg-0lax\" style=\"text-align: left;\">Acceleration<\/td>\n<td class=\"tg-0lax\" style=\"text-align: left;\">2.5 m\/s\u00b2<\/td>\n<\/tr>\n<tr>\n<td class=\"tg-0lax\" style=\"text-align: left;\">Speed<\/td>\n<td class=\"tg-0lax\" style=\"text-align: left;\">2.5 m\/s<\/td>\n<\/tr>\n<\/tbody>\n<\/table>\n<p>&nbsp;<\/p>\n<\/div>\n<\/div>\n<p>[\/vc_column_text][\/vc_column_inner][vc_column_inner width=&#8221;1\/2&#8243;][vc_column_text css_animation=&#8221;fadeInUp&#8221;]<\/p>\n<div class=\"tg-wrap\">\n<div class=\"tg-wrap\">\n<table class=\"tg\">\n<tbody>\n<tr>\n<td class=\"tg-q0ss\" style=\"text-align: left;\"><strong>Suitable ABB robots<\/strong><\/td>\n<\/tr>\n<tr>\n<td class=\"tg-0lax\" style=\"text-align: left;\">IRB 1410<\/td>\n<\/tr>\n<tr>\n<td class=\"tg-0lax\" style=\"text-align: left;\">IRB 1520ID<\/td>\n<\/tr>\n<tr>\n<td class=\"tg-0lax\" style=\"text-align: left;\">IRB 1600 series<\/td>\n<\/tr>\n<tr>\n<td class=\"tg-0lax\" style=\"text-align: left;\">IRB 1660 series<\/td>\n<\/tr>\n<tr>\n<td class=\"tg-0lax\" style=\"text-align: left;\">IRB 2400 series<\/td>\n<\/tr>\n<tr>\n<td class=\"tg-0lax\" style=\"text-align: left;\">IRB 4600 series<\/td>\n<\/tr>\n<tr>\n<td class=\"tg-0lax\" style=\"text-align: left;\">IRB 2600 series<\/td>\n<\/tr>\n<\/tbody>\n<\/table>\n<\/div>\n<\/div>\n<p>[\/vc_column_text][\/vc_column_inner][\/vc_row_inner][vc_custom_heading text=&#8221;DOWNLOAD 3D FILE VIA CONFIGURATOR&#8221; font_container=&#8221;tag:h2|font_size:30px|text_align:left|color:%23e6007e&#8221; google_fonts=&#8221;font_family:Source%20Sans%20Pro%3A200%2C200italic%2C300%2C300italic%2Cregular%2Citalic%2C600%2C600italic%2C700%2C700italic%2C900%2C900italic|font_style:900%20bold%20regular%3A900%3Anormal&#8221;][vc_separator color=&#8221;custom&#8221; border_width=&#8221;2&#8243; accent_color=&#8221;#e6007e&#8221;][vc_raw_html]JTNDZGl2JTIwaWQlM0QlMjJ0cC1wYXJ0cy1pbmplY3RvciUyMiUyMHByb2R1Y3QlM0QlMjIxMC0wMzA2MjAyNC0xMDk1OTAlMjIlMjBlbHMtaWQlM0QlMjJ2YW5zaWNoZW4lMjIlMjBkYXRhLWNvbmZpZ3VyYXRvci10eXBlJTNEJTIyZ3JpZCUyMiUyMHN0eWxlJTNEJTIyaGVpZ2h0JTNBJTIwNTAwcHglM0IlMjB3aWR0aCUzQSUyMDEwMCUyNSUzQiUyMiUzRSUzQyUyRmRpdiUzRQ==[\/vc_raw_html][vc_separator color=&#8221;custom&#8221; border_width=&#8221;2&#8243; accent_color=&#8221;#e6007e&#8221;][vc_row_inner][vc_column_inner width=&#8221;1\/2&#8243;][vc_single_image image=&#8221;2650&#8243; img_size=&#8221;full&#8221; onclick=&#8221;link_image&#8221; css_animation=&#8221;fadeInUp&#8221;][\/vc_column_inner][vc_column_inner width=&#8221;1\/2&#8243;][vc_single_image image=&#8221;2652&#8243; img_size=&#8221;full&#8221; onclick=&#8221;link_image&#8221; css_animation=&#8221;fadeInUp&#8221;][\/vc_column_inner][\/vc_row_inner][\/vc_column][\/vc_row]<\/p>\n<\/div>","protected":false},"excerpt":{"rendered":"<p>[vc_row][vc_column][vc_custom_heading text=&#8221;ROBOTTRACK FT30-AL&#8221; font_container=&#8221;tag:h1|font_size:53px|text_align:left|color:%23e6007e&#8221; google_fonts=&#8221;font_family:Source%20Sans%20Pro%3A200%2C200italic%2C300%2C300italic%2Cregular%2Citalic%2C600%2C600italic%2C700%2C700italic%2C900%2C900italic|font_style:900%20bold%20regular%3A900%3Anormal&#8221;][vc_row_inner][vc_column_inner width=&#8221;1\/2&#8243;][vc_column_text css_animation=&#8221;fadeInUp&#8221;] Mounting position Floor Mass axis 75 kg\/m Guiding rollsize 30 Driving System M3 Acceleration 2.5 m\/s\u00b2 Speed 2.5 m\/s<span class=\"excerpt-hellip\"> [\u2026]<\/span><\/p>\n","protected":false},"author":4,"featured_media":2652,"parent":357,"menu_order":0,"comment_status":"closed","ping_status":"closed","template":"","meta":{"inline_featured_image":false,"footnotes":""},"class_list":["post-2655","page","type-page","status-publish","has-post-thumbnail","hentry","catrobottracks-arc-mate-series-en","catrobottracks-articc-m6-1665-30kg-at_00026-en","catrobottracks-articc-m6-1665-30kg-at_00026-01-en","catrobottracks-articc3-1015-15kg-at_00017-en","catrobottracks-articc3-1035-30kg-at_00003-en","catrobottracks-articc3-1646-60kg-at_30005-en","catrobottracks-articc3-1804-45kg-at_30010-en","catrobottracks-articc3-1943-30kg-at_30006-en","catrobottracks-articc4-1681-60kg-at_40005-en","catrobottracks-articc4-1839-45kg-at_40010-en","catrobottracks-articc4-1978-30kg-at_40006-en","catrobottracks-articc5-1759-60kg-at_10005-en","catrobottracks-articc5-1881-60kg-at_50005-en","catrobottracks-articc5-1918-45kg-at_10010-en","catrobottracks-articc5-2039-45kg-at_50010-en","catrobottracks-articc5-2057-30kg-at_10006-en","catrobottracks-articc5-2178-30kg-at_50006-en","catrobottracks-articc6-1199-3kg-at_00011-en","catrobottracks-articc6-1215-6kg-at_00025-en","catrobottracks-articc6-1557-3kg-at_00004-en","catrobottracks-articc6-1803-20kg-at_00014-en","catrobottracks-articc6-1959-60kg-at_00005-en","catrobottracks-articc6-1959-60kg-at_20005-en","catrobottracks-articc6-2118-45kg-at_00010-en","catrobottracks-articc6-2118-45kg-at_20010-en","catrobottracks-articc6-2257-30kg-at_00006-en","catrobottracks-articc6-2257-30kg-at_20006-en","catrobottracks-articc6-2757-20kg-at_00028-en","catrobottracks-cmz05-en","catrobottracks-cr-15ia-en","catrobottracks-cr-35ia-en","catrobottracks-cr14ia-l-en","catrobottracks-crx-20ia-l-en","catrobottracks-crx-25ia-en","catrobottracks-cz10-en","catrobottracks-irb-1410-en","catrobottracks-irb-1520id-en","catrobottracks-irb-1600-series-en","catrobottracks-irb-2400-series-en","catrobottracks-irb-2600-series-en","catrobottracks-irb1660-series-en","catrobottracks-irb4600-series-en","catrobottracks-kr-10-r1420-2-en","catrobottracks-kr-16-series-en","catrobottracks-kr-20-r3100-2-en","catrobottracks-kr-30-r2100-en","catrobottracks-kr-50-r2100-en","catrobottracks-kr12-r1810-2-en","catrobottracks-kr20-r1810-2-en","catrobottracks-kr22-r1610-2-en","catrobottracks-kr6-r1820-r1840-en","catrobottracks-kr8-series-en","catrobottracks-m-10-series-en","catrobottracks-m-20-series-en","catrobottracks-m-710-series-en","catrobottracks-mc10l-en","catrobottracks-mc12s-en","catrobottracks-mc20-en","catrobottracks-mr20-en","catrobottracks-mr20l-en","catrobottracks-mz04e-en","catrobottracks-mz10lf-en","catrobottracks-mz12-en","catrobottracks-mz25-en","catrobottracks-mz50f-en","catrobottracks-nb04l-en","catrobottracks-nv06-en","catrobottracks-nv06l-en","manufacturers-abb-en","manufacturers-autonox-en","manufacturers-fanuc-en","manufacturers-kuka-en","manufacturers-nachi-en"],"yoast_head":"<!-- This site is optimized with the Yoast SEO plugin v26.0 - https:\/\/yoast.com\/wordpress\/plugins\/seo\/ -->\n<title>Robottrack FT30-AL - SimKon<\/title>\n<meta name=\"description\" content=\"SimKon ist Spezialist f\u00fcr Linearverfahrachsen f\u00fcr Industrieroboter sowie f\u00fcr die Werkst\u00fcckpositionierung mit Dreh-Kipp-Tischen. Weitere infos!\" \/>\n<meta name=\"robots\" content=\"index, follow, max-snippet:-1, max-image-preview:large, max-video-preview:-1\" \/>\n<link rel=\"canonical\" href=\"https:\/\/www.simkon.de\/en\/travelling-axes\/abb-robot\/robottrack-ft30-al\/\" \/>\n<meta property=\"og:locale\" content=\"en_US\" \/>\n<meta property=\"og:type\" content=\"article\" \/>\n<meta property=\"og:title\" content=\"Robottrack FT30-AL - SimKon\" \/>\n<meta property=\"og:description\" content=\"SimKon ist Spezialist f\u00fcr Linearverfahrachsen f\u00fcr Industrieroboter sowie f\u00fcr die Werkst\u00fcckpositionierung mit Dreh-Kipp-Tischen. Weitere infos!\" \/>\n<meta property=\"og:url\" content=\"https:\/\/www.simkon.de\/en\/travelling-axes\/abb-robot\/robottrack-ft30-al\/\" \/>\n<meta property=\"og:site_name\" content=\"SimKon\" \/>\n<meta property=\"article:publisher\" content=\"https:\/\/www.facebook.com\/simkongmbh\" \/>\n<meta property=\"article:modified_time\" content=\"2024-10-18T10:26:46+00:00\" \/>\n<meta property=\"og:image\" content=\"https:\/\/www.simkon.de\/wp-content\/uploads\/2024\/10\/FT30_AL-Wit-1-1.jpg\" \/>\n\t<meta property=\"og:image:width\" content=\"1158\" \/>\n\t<meta property=\"og:image:height\" content=\"819\" \/>\n\t<meta property=\"og:image:type\" content=\"image\/jpeg\" \/>\n<meta name=\"twitter:card\" content=\"summary_large_image\" \/>\n<meta name=\"twitter:label1\" content=\"Est. reading time\" \/>\n\t<meta name=\"twitter:data1\" content=\"1 minute\" \/>\n<script type=\"application\/ld+json\" class=\"yoast-schema-graph\">{\"@context\":\"https:\/\/schema.org\",\"@graph\":[{\"@type\":\"WebPage\",\"@id\":\"https:\/\/www.simkon.de\/en\/travelling-axes\/abb-robot\/robottrack-ft30-al\/\",\"url\":\"https:\/\/www.simkon.de\/en\/travelling-axes\/abb-robot\/robottrack-ft30-al\/\",\"name\":\"Robottrack FT30-AL - SimKon\",\"isPartOf\":{\"@id\":\"https:\/\/www.simkon.de\/#website\"},\"primaryImageOfPage\":{\"@id\":\"https:\/\/www.simkon.de\/en\/travelling-axes\/abb-robot\/robottrack-ft30-al\/#primaryimage\"},\"image\":{\"@id\":\"https:\/\/www.simkon.de\/en\/travelling-axes\/abb-robot\/robottrack-ft30-al\/#primaryimage\"},\"thumbnailUrl\":\"https:\/\/www.simkon.de\/wp-content\/uploads\/2024\/10\/FT30_AL-Wit-1-1.jpg\",\"datePublished\":\"2024-10-14T08:14:05+00:00\",\"dateModified\":\"2024-10-18T10:26:46+00:00\",\"description\":\"SimKon ist Spezialist f\u00fcr Linearverfahrachsen f\u00fcr Industrieroboter sowie f\u00fcr die Werkst\u00fcckpositionierung mit Dreh-Kipp-Tischen. Weitere infos!\",\"breadcrumb\":{\"@id\":\"https:\/\/www.simkon.de\/en\/travelling-axes\/abb-robot\/robottrack-ft30-al\/#breadcrumb\"},\"inLanguage\":\"en-US\",\"potentialAction\":[{\"@type\":\"ReadAction\",\"target\":[\"https:\/\/www.simkon.de\/en\/travelling-axes\/abb-robot\/robottrack-ft30-al\/\"]}]},{\"@type\":\"ImageObject\",\"inLanguage\":\"en-US\",\"@id\":\"https:\/\/www.simkon.de\/en\/travelling-axes\/abb-robot\/robottrack-ft30-al\/#primaryimage\",\"url\":\"https:\/\/www.simkon.de\/wp-content\/uploads\/2024\/10\/FT30_AL-Wit-1-1.jpg\",\"contentUrl\":\"https:\/\/www.simkon.de\/wp-content\/uploads\/2024\/10\/FT30_AL-Wit-1-1.jpg\",\"width\":1158,\"height\":819},{\"@type\":\"BreadcrumbList\",\"@id\":\"https:\/\/www.simkon.de\/en\/travelling-axes\/abb-robot\/robottrack-ft30-al\/#breadcrumb\",\"itemListElement\":[{\"@type\":\"ListItem\",\"position\":1,\"name\":\"Home\",\"item\":\"https:\/\/www.simkon.de\/en\/\"},{\"@type\":\"ListItem\",\"position\":2,\"name\":\"Travelling axes\",\"item\":\"https:\/\/www.simkon.de\/en\/travelling-axes\/\"},{\"@type\":\"ListItem\",\"position\":3,\"name\":\"ABB robot\",\"item\":\"https:\/\/www.simkon.de\/en\/travelling-axes\/abb-robot\/\"},{\"@type\":\"ListItem\",\"position\":4,\"name\":\"Robottrack FT30-AL\"}]},{\"@type\":\"WebSite\",\"@id\":\"https:\/\/www.simkon.de\/#website\",\"url\":\"https:\/\/www.simkon.de\/\",\"name\":\"SimKon\",\"description\":\"by Vansichen\",\"publisher\":{\"@id\":\"https:\/\/www.simkon.de\/#organization\"},\"potentialAction\":[{\"@type\":\"SearchAction\",\"target\":{\"@type\":\"EntryPoint\",\"urlTemplate\":\"https:\/\/www.simkon.de\/?s={search_term_string}\"},\"query-input\":{\"@type\":\"PropertyValueSpecification\",\"valueRequired\":true,\"valueName\":\"search_term_string\"}}],\"inLanguage\":\"en-US\"},{\"@type\":\"Organization\",\"@id\":\"https:\/\/www.simkon.de\/#organization\",\"name\":\"SimKon\",\"url\":\"https:\/\/www.simkon.de\/\",\"logo\":{\"@type\":\"ImageObject\",\"inLanguage\":\"en-US\",\"@id\":\"https:\/\/www.simkon.de\/#\/schema\/logo\/image\/\",\"url\":\"https:\/\/www.simkon.de\/wp-content\/uploads\/2020\/08\/favicon.png\",\"contentUrl\":\"https:\/\/www.simkon.de\/wp-content\/uploads\/2020\/08\/favicon.png\",\"width\":107,\"height\":107,\"caption\":\"SimKon\"},\"image\":{\"@id\":\"https:\/\/www.simkon.de\/#\/schema\/logo\/image\/\"},\"sameAs\":[\"https:\/\/www.facebook.com\/simkongmbh\",\"https:\/\/www.linkedin.com\/company\/simkon-by-vansichen\/\"]}]}<\/script>\n<!-- \/ Yoast SEO plugin. -->","yoast_head_json":{"title":"Robottrack FT30-AL - SimKon","description":"SimKon ist Spezialist f\u00fcr Linearverfahrachsen f\u00fcr Industrieroboter sowie f\u00fcr die Werkst\u00fcckpositionierung mit Dreh-Kipp-Tischen. Weitere infos!","robots":{"index":"index","follow":"follow","max-snippet":"max-snippet:-1","max-image-preview":"max-image-preview:large","max-video-preview":"max-video-preview:-1"},"canonical":"https:\/\/www.simkon.de\/en\/travelling-axes\/abb-robot\/robottrack-ft30-al\/","og_locale":"en_US","og_type":"article","og_title":"Robottrack FT30-AL - SimKon","og_description":"SimKon ist Spezialist f\u00fcr Linearverfahrachsen f\u00fcr Industrieroboter sowie f\u00fcr die Werkst\u00fcckpositionierung mit Dreh-Kipp-Tischen. Weitere infos!","og_url":"https:\/\/www.simkon.de\/en\/travelling-axes\/abb-robot\/robottrack-ft30-al\/","og_site_name":"SimKon","article_publisher":"https:\/\/www.facebook.com\/simkongmbh","article_modified_time":"2024-10-18T10:26:46+00:00","og_image":[{"width":1158,"height":819,"url":"https:\/\/www.simkon.de\/wp-content\/uploads\/2024\/10\/FT30_AL-Wit-1-1.jpg","type":"image\/jpeg"}],"twitter_card":"summary_large_image","twitter_misc":{"Est. reading time":"1 minute"},"schema":{"@context":"https:\/\/schema.org","@graph":[{"@type":"WebPage","@id":"https:\/\/www.simkon.de\/en\/travelling-axes\/abb-robot\/robottrack-ft30-al\/","url":"https:\/\/www.simkon.de\/en\/travelling-axes\/abb-robot\/robottrack-ft30-al\/","name":"Robottrack FT30-AL - SimKon","isPartOf":{"@id":"https:\/\/www.simkon.de\/#website"},"primaryImageOfPage":{"@id":"https:\/\/www.simkon.de\/en\/travelling-axes\/abb-robot\/robottrack-ft30-al\/#primaryimage"},"image":{"@id":"https:\/\/www.simkon.de\/en\/travelling-axes\/abb-robot\/robottrack-ft30-al\/#primaryimage"},"thumbnailUrl":"https:\/\/www.simkon.de\/wp-content\/uploads\/2024\/10\/FT30_AL-Wit-1-1.jpg","datePublished":"2024-10-14T08:14:05+00:00","dateModified":"2024-10-18T10:26:46+00:00","description":"SimKon ist Spezialist f\u00fcr Linearverfahrachsen f\u00fcr Industrieroboter sowie f\u00fcr die Werkst\u00fcckpositionierung mit Dreh-Kipp-Tischen. Weitere infos!","breadcrumb":{"@id":"https:\/\/www.simkon.de\/en\/travelling-axes\/abb-robot\/robottrack-ft30-al\/#breadcrumb"},"inLanguage":"en-US","potentialAction":[{"@type":"ReadAction","target":["https:\/\/www.simkon.de\/en\/travelling-axes\/abb-robot\/robottrack-ft30-al\/"]}]},{"@type":"ImageObject","inLanguage":"en-US","@id":"https:\/\/www.simkon.de\/en\/travelling-axes\/abb-robot\/robottrack-ft30-al\/#primaryimage","url":"https:\/\/www.simkon.de\/wp-content\/uploads\/2024\/10\/FT30_AL-Wit-1-1.jpg","contentUrl":"https:\/\/www.simkon.de\/wp-content\/uploads\/2024\/10\/FT30_AL-Wit-1-1.jpg","width":1158,"height":819},{"@type":"BreadcrumbList","@id":"https:\/\/www.simkon.de\/en\/travelling-axes\/abb-robot\/robottrack-ft30-al\/#breadcrumb","itemListElement":[{"@type":"ListItem","position":1,"name":"Home","item":"https:\/\/www.simkon.de\/en\/"},{"@type":"ListItem","position":2,"name":"Travelling axes","item":"https:\/\/www.simkon.de\/en\/travelling-axes\/"},{"@type":"ListItem","position":3,"name":"ABB robot","item":"https:\/\/www.simkon.de\/en\/travelling-axes\/abb-robot\/"},{"@type":"ListItem","position":4,"name":"Robottrack FT30-AL"}]},{"@type":"WebSite","@id":"https:\/\/www.simkon.de\/#website","url":"https:\/\/www.simkon.de\/","name":"SimKon","description":"by Vansichen","publisher":{"@id":"https:\/\/www.simkon.de\/#organization"},"potentialAction":[{"@type":"SearchAction","target":{"@type":"EntryPoint","urlTemplate":"https:\/\/www.simkon.de\/?s={search_term_string}"},"query-input":{"@type":"PropertyValueSpecification","valueRequired":true,"valueName":"search_term_string"}}],"inLanguage":"en-US"},{"@type":"Organization","@id":"https:\/\/www.simkon.de\/#organization","name":"SimKon","url":"https:\/\/www.simkon.de\/","logo":{"@type":"ImageObject","inLanguage":"en-US","@id":"https:\/\/www.simkon.de\/#\/schema\/logo\/image\/","url":"https:\/\/www.simkon.de\/wp-content\/uploads\/2020\/08\/favicon.png","contentUrl":"https:\/\/www.simkon.de\/wp-content\/uploads\/2020\/08\/favicon.png","width":107,"height":107,"caption":"SimKon"},"image":{"@id":"https:\/\/www.simkon.de\/#\/schema\/logo\/image\/"},"sameAs":["https:\/\/www.facebook.com\/simkongmbh","https:\/\/www.linkedin.com\/company\/simkon-by-vansichen\/"]}]}},"_links":{"self":[{"href":"https:\/\/www.simkon.de\/en\/wp-json\/wp\/v2\/pages\/2655","targetHints":{"allow":["GET"]}}],"collection":[{"href":"https:\/\/www.simkon.de\/en\/wp-json\/wp\/v2\/pages"}],"about":[{"href":"https:\/\/www.simkon.de\/en\/wp-json\/wp\/v2\/types\/page"}],"author":[{"embeddable":true,"href":"https:\/\/www.simkon.de\/en\/wp-json\/wp\/v2\/users\/4"}],"replies":[{"embeddable":true,"href":"https:\/\/www.simkon.de\/en\/wp-json\/wp\/v2\/comments?post=2655"}],"version-history":[{"count":4,"href":"https:\/\/www.simkon.de\/en\/wp-json\/wp\/v2\/pages\/2655\/revisions"}],"predecessor-version":[{"id":3064,"href":"https:\/\/www.simkon.de\/en\/wp-json\/wp\/v2\/pages\/2655\/revisions\/3064"}],"up":[{"embeddable":true,"href":"https:\/\/www.simkon.de\/en\/wp-json\/wp\/v2\/pages\/357"}],"wp:featuredmedia":[{"embeddable":true,"href":"https:\/\/www.simkon.de\/en\/wp-json\/wp\/v2\/media\/2652"}],"wp:attachment":[{"href":"https:\/\/www.simkon.de\/en\/wp-json\/wp\/v2\/media?parent=2655"}],"curies":[{"name":"wp","href":"https:\/\/api.w.org\/{rel}","templated":true}]}}