{"id":2574,"date":"2024-10-14T06:59:40","date_gmt":"2024-10-14T06:59:40","guid":{"rendered":"https:\/\/www.simkon.de\/travelling-axes\/abb-robot\/verfahrachse-at55-w\/"},"modified":"2024-10-18T09:46:37","modified_gmt":"2024-10-18T09:46:37","slug":"verfahrachse-at55-w","status":"publish","type":"page","link":"https:\/\/www.simkon.de\/en\/travelling-axes\/abb-robot\/robottrack-at55-w\/","title":{"rendered":"Robottrack AT55-W"},"content":{"rendered":"<div class=\"wpb-content-wrapper\"><p>[vc_row][vc_column][vc_custom_heading text=&#8221;ROBOTTRACK AT55-W&#8221; font_container=&#8221;tag:h1|font_size:53px|text_align:left|color:%23e6007e&#8221; google_fonts=&#8221;font_family:Source%20Sans%20Pro%3A200%2C200italic%2C300%2C300italic%2Cregular%2Citalic%2C600%2C600italic%2C700%2C700italic%2C900%2C900italic|font_style:900%20bold%20regular%3A900%3Anormal&#8221;][vc_row_inner][vc_column_inner width=&#8221;1\/2&#8243;][vc_column_text css_animation=&#8221;fadeInUp&#8221;]<\/p>\n<div class=\"tg-wrap\">\n<table class=\"tg\">\n<tbody>\n<tr>\n<td class=\"tg-q0ss\" style=\"text-align: left;\">Mounting position<\/td>\n<td class=\"tg-0lax\" style=\"text-align: left;\">Wall<\/td>\n<\/tr>\n<tr>\n<td class=\"tg-0lax\" style=\"text-align: left;\">Mass axis<\/td>\n<td class=\"tg-0lax\" style=\"text-align: left;\">290 kg\/m<\/td>\n<\/tr>\n<tr>\n<td class=\"tg-0lax\" style=\"text-align: left;\">Guiding rollsize<\/td>\n<td class=\"tg-0lax\" style=\"text-align: left;\">55<\/td>\n<\/tr>\n<tr>\n<td class=\"tg-0lax\" style=\"text-align: left;\">Driving system<\/td>\n<td class=\"tg-0lax\" style=\"text-align: left;\">M4<\/td>\n<\/tr>\n<tr>\n<td class=\"tg-0lax\" style=\"text-align: left;\">Acceleration<\/td>\n<td class=\"tg-0lax\" style=\"text-align: left;\">2m\/s\u00b2<\/td>\n<\/tr>\n<tr>\n<td class=\"tg-0lax\" style=\"text-align: left;\">Speed<\/td>\n<td class=\"tg-0lax\" style=\"text-align: left;\">2m\/s<\/td>\n<\/tr>\n<\/tbody>\n<\/table>\n<\/div>\n<p>[\/vc_column_text][\/vc_column_inner][vc_column_inner width=&#8221;1\/2&#8243;][vc_column_text css_animation=&#8221;fadeInUp&#8221;]<\/p>\n<div class=\"tg-wrap\">\n<table class=\"tg\">\n<tbody>\n<tr>\n<td class=\"tg-q0ss\" style=\"text-align: left;\"><strong>Suitable ABB robots<\/strong><\/td>\n<\/tr>\n<tr>\n<td class=\"tg-0lax\" style=\"text-align: left;\">IRB 2600 series<\/td>\n<\/tr>\n<\/tbody>\n<\/table>\n<\/div>\n<p>[\/vc_column_text][\/vc_column_inner][\/vc_row_inner][\/vc_column][\/vc_row][vc_row][vc_column][vc_custom_heading text=&#8221;DOWNLOAD 3D FILE VIA CONFIGURATOR&#8221; font_container=&#8221;tag:h2|font_size:30px|text_align:left|color:%23e6007e&#8221; google_fonts=&#8221;font_family:Source%20Sans%20Pro%3A200%2C200italic%2C300%2C300italic%2Cregular%2Citalic%2C600%2C600italic%2C700%2C700italic%2C900%2C900italic|font_style:900%20bold%20regular%3A900%3Anormal&#8221; css_animation=&#8221;none&#8221;][vc_separator color=&#8221;custom&#8221; border_width=&#8221;2&#8243; css_animation=&#8221;none&#8221; accent_color=&#8221;#e6007e&#8221;][vc_raw_html]JTNDZGl2JTIwaWQlM0QlMjJ0cC1wYXJ0cy1pbmplY3RvciUyMiUyMHByb2R1Y3QlM0QlMjIxMC0yOTA2MjAyMy0wOTU2NTYlMjIlMjBlbHMtaWQlM0QlMjJ2YW5zaWNoZW4lMjIlMjBkYXRhLWNvbmZpZ3VyYXRvci10eXBlJTNEJTIyZ3JpZCUyMiUyMHN0eWxlJTNEJTIyaGVpZ2h0JTNBJTIwNTAwcHglM0IlMjB3aWR0aCUzQSUyMDEwMCUyNSUzQiUyMiUzRSUzQyUyRmRpdiUzRQ==[\/vc_raw_html][vc_separator color=&#8221;custom&#8221; border_width=&#8221;2&#8243; css_animation=&#8221;none&#8221; accent_color=&#8221;#e6007e&#8221;][vc_row_inner][vc_column_inner width=&#8221;1\/2&#8243;][vc_single_image image=&#8221;2570&#8243; img_size=&#8221;full&#8221; onclick=&#8221;link_image&#8221; css_animation=&#8221;fadeInUp&#8221;][\/vc_column_inner][vc_column_inner width=&#8221;1\/2&#8243;][vc_single_image image=&#8221;2568&#8243; img_size=&#8221;full&#8221; onclick=&#8221;link_image&#8221; css_animation=&#8221;fadeInUp&#8221;][\/vc_column_inner][\/vc_row_inner][\/vc_column][\/vc_row]<\/p>\n<\/div>","protected":false},"excerpt":{"rendered":"<p>[vc_row][vc_column][vc_custom_heading text=&#8221;ROBOTTRACK AT55-W&#8221; font_container=&#8221;tag:h1|font_size:53px|text_align:left|color:%23e6007e&#8221; google_fonts=&#8221;font_family:Source%20Sans%20Pro%3A200%2C200italic%2C300%2C300italic%2Cregular%2Citalic%2C600%2C600italic%2C700%2C700italic%2C900%2C900italic|font_style:900%20bold%20regular%3A900%3Anormal&#8221;][vc_row_inner][vc_column_inner width=&#8221;1\/2&#8243;][vc_column_text css_animation=&#8221;fadeInUp&#8221;] Mounting position Wall Mass axis 290 kg\/m Guiding rollsize 55 Driving system M4 Acceleration 2m\/s\u00b2 Speed 2m\/s [\/vc_column_text][\/vc_column_inner][vc_column_inner width=&#8221;1\/2&#8243;][vc_column_text<span class=\"excerpt-hellip\"> [\u2026]<\/span><\/p>\n","protected":false},"author":4,"featured_media":2568,"parent":357,"menu_order":0,"comment_status":"closed","ping_status":"closed","template":"","meta":{"inline_featured_image":false,"footnotes":""},"class_list":["post-2574","page","type-page","status-publish","has-post-thumbnail","hentry","catrobottracks-irb-2600-series-en","catrobottracks-kr-20-r3100-2-en","catrobottracks-kr-30-r2100-en","catrobottracks-kr-50-r2100-en","catrobottracks-m-710-series-en","catrobottracks-mr35-en","catrobottracks-mr50-en","manufacturers-abb-en","manufacturers-fanuc-en","manufacturers-kuka-en","manufacturers-nachi-en"],"yoast_head":"<!-- This site is optimized with the Yoast SEO plugin v26.0 - https:\/\/yoast.com\/wordpress\/plugins\/seo\/ -->\n<title>Robottrack AT55-W - SimKon<\/title>\n<meta name=\"description\" content=\"SimKon ist Spezialist f\u00fcr Linearverfahrachsen f\u00fcr Industrieroboter sowie f\u00fcr die Werkst\u00fcckpositionierung mit Dreh-Kipp-Tischen. Weitere infos!\" \/>\n<meta name=\"robots\" content=\"index, follow, max-snippet:-1, max-image-preview:large, max-video-preview:-1\" \/>\n<link rel=\"canonical\" href=\"https:\/\/www.simkon.de\/en\/travelling-axes\/abb-robot\/robottrack-at55-w\/\" \/>\n<meta property=\"og:locale\" content=\"en_US\" \/>\n<meta property=\"og:type\" content=\"article\" \/>\n<meta property=\"og:title\" content=\"Robottrack AT55-W - SimKon\" \/>\n<meta property=\"og:description\" content=\"SimKon ist Spezialist f\u00fcr Linearverfahrachsen f\u00fcr Industrieroboter sowie f\u00fcr die Werkst\u00fcckpositionierung mit Dreh-Kipp-Tischen. Weitere infos!\" \/>\n<meta property=\"og:url\" content=\"https:\/\/www.simkon.de\/en\/travelling-axes\/abb-robot\/robottrack-at55-w\/\" \/>\n<meta property=\"og:site_name\" content=\"SimKon\" \/>\n<meta property=\"article:publisher\" content=\"https:\/\/www.facebook.com\/simkongmbh\" \/>\n<meta property=\"article:modified_time\" content=\"2024-10-18T09:46:37+00:00\" \/>\n<meta property=\"og:image\" content=\"https:\/\/www.simkon.de\/wp-content\/uploads\/2024\/10\/AT55-W-Wit.jpg\" \/>\n\t<meta property=\"og:image:width\" content=\"1158\" \/>\n\t<meta property=\"og:image:height\" content=\"819\" \/>\n\t<meta property=\"og:image:type\" content=\"image\/jpeg\" \/>\n<meta name=\"twitter:card\" content=\"summary_large_image\" \/>\n<meta name=\"twitter:label1\" content=\"Est. reading time\" \/>\n\t<meta name=\"twitter:data1\" content=\"1 minute\" \/>\n<script type=\"application\/ld+json\" class=\"yoast-schema-graph\">{\"@context\":\"https:\/\/schema.org\",\"@graph\":[{\"@type\":\"WebPage\",\"@id\":\"https:\/\/www.simkon.de\/en\/travelling-axes\/abb-robot\/robottrack-at55-w\/\",\"url\":\"https:\/\/www.simkon.de\/en\/travelling-axes\/abb-robot\/robottrack-at55-w\/\",\"name\":\"Robottrack AT55-W - SimKon\",\"isPartOf\":{\"@id\":\"https:\/\/www.simkon.de\/#website\"},\"primaryImageOfPage\":{\"@id\":\"https:\/\/www.simkon.de\/en\/travelling-axes\/abb-robot\/robottrack-at55-w\/#primaryimage\"},\"image\":{\"@id\":\"https:\/\/www.simkon.de\/en\/travelling-axes\/abb-robot\/robottrack-at55-w\/#primaryimage\"},\"thumbnailUrl\":\"https:\/\/www.simkon.de\/wp-content\/uploads\/2024\/10\/AT55-W-Wit.jpg\",\"datePublished\":\"2024-10-14T06:59:40+00:00\",\"dateModified\":\"2024-10-18T09:46:37+00:00\",\"description\":\"SimKon ist Spezialist f\u00fcr Linearverfahrachsen f\u00fcr Industrieroboter sowie f\u00fcr die Werkst\u00fcckpositionierung mit Dreh-Kipp-Tischen. Weitere infos!\",\"breadcrumb\":{\"@id\":\"https:\/\/www.simkon.de\/en\/travelling-axes\/abb-robot\/robottrack-at55-w\/#breadcrumb\"},\"inLanguage\":\"en-US\",\"potentialAction\":[{\"@type\":\"ReadAction\",\"target\":[\"https:\/\/www.simkon.de\/en\/travelling-axes\/abb-robot\/robottrack-at55-w\/\"]}]},{\"@type\":\"ImageObject\",\"inLanguage\":\"en-US\",\"@id\":\"https:\/\/www.simkon.de\/en\/travelling-axes\/abb-robot\/robottrack-at55-w\/#primaryimage\",\"url\":\"https:\/\/www.simkon.de\/wp-content\/uploads\/2024\/10\/AT55-W-Wit.jpg\",\"contentUrl\":\"https:\/\/www.simkon.de\/wp-content\/uploads\/2024\/10\/AT55-W-Wit.jpg\",\"width\":1158,\"height\":819},{\"@type\":\"BreadcrumbList\",\"@id\":\"https:\/\/www.simkon.de\/en\/travelling-axes\/abb-robot\/robottrack-at55-w\/#breadcrumb\",\"itemListElement\":[{\"@type\":\"ListItem\",\"position\":1,\"name\":\"Home\",\"item\":\"https:\/\/www.simkon.de\/en\/\"},{\"@type\":\"ListItem\",\"position\":2,\"name\":\"Travelling axes\",\"item\":\"https:\/\/www.simkon.de\/en\/travelling-axes\/\"},{\"@type\":\"ListItem\",\"position\":3,\"name\":\"ABB robot\",\"item\":\"https:\/\/www.simkon.de\/en\/travelling-axes\/abb-robot\/\"},{\"@type\":\"ListItem\",\"position\":4,\"name\":\"Robottrack AT55-W\"}]},{\"@type\":\"WebSite\",\"@id\":\"https:\/\/www.simkon.de\/#website\",\"url\":\"https:\/\/www.simkon.de\/\",\"name\":\"SimKon\",\"description\":\"by Vansichen\",\"publisher\":{\"@id\":\"https:\/\/www.simkon.de\/#organization\"},\"potentialAction\":[{\"@type\":\"SearchAction\",\"target\":{\"@type\":\"EntryPoint\",\"urlTemplate\":\"https:\/\/www.simkon.de\/?s={search_term_string}\"},\"query-input\":{\"@type\":\"PropertyValueSpecification\",\"valueRequired\":true,\"valueName\":\"search_term_string\"}}],\"inLanguage\":\"en-US\"},{\"@type\":\"Organization\",\"@id\":\"https:\/\/www.simkon.de\/#organization\",\"name\":\"SimKon\",\"url\":\"https:\/\/www.simkon.de\/\",\"logo\":{\"@type\":\"ImageObject\",\"inLanguage\":\"en-US\",\"@id\":\"https:\/\/www.simkon.de\/#\/schema\/logo\/image\/\",\"url\":\"https:\/\/www.simkon.de\/wp-content\/uploads\/2020\/08\/favicon.png\",\"contentUrl\":\"https:\/\/www.simkon.de\/wp-content\/uploads\/2020\/08\/favicon.png\",\"width\":107,\"height\":107,\"caption\":\"SimKon\"},\"image\":{\"@id\":\"https:\/\/www.simkon.de\/#\/schema\/logo\/image\/\"},\"sameAs\":[\"https:\/\/www.facebook.com\/simkongmbh\",\"https:\/\/www.linkedin.com\/company\/simkon-by-vansichen\/\"]}]}<\/script>\n<!-- \/ Yoast SEO plugin. -->","yoast_head_json":{"title":"Robottrack AT55-W - SimKon","description":"SimKon ist Spezialist f\u00fcr Linearverfahrachsen f\u00fcr Industrieroboter sowie f\u00fcr die Werkst\u00fcckpositionierung mit Dreh-Kipp-Tischen. Weitere infos!","robots":{"index":"index","follow":"follow","max-snippet":"max-snippet:-1","max-image-preview":"max-image-preview:large","max-video-preview":"max-video-preview:-1"},"canonical":"https:\/\/www.simkon.de\/en\/travelling-axes\/abb-robot\/robottrack-at55-w\/","og_locale":"en_US","og_type":"article","og_title":"Robottrack AT55-W - SimKon","og_description":"SimKon ist Spezialist f\u00fcr Linearverfahrachsen f\u00fcr Industrieroboter sowie f\u00fcr die Werkst\u00fcckpositionierung mit Dreh-Kipp-Tischen. Weitere infos!","og_url":"https:\/\/www.simkon.de\/en\/travelling-axes\/abb-robot\/robottrack-at55-w\/","og_site_name":"SimKon","article_publisher":"https:\/\/www.facebook.com\/simkongmbh","article_modified_time":"2024-10-18T09:46:37+00:00","og_image":[{"width":1158,"height":819,"url":"https:\/\/www.simkon.de\/wp-content\/uploads\/2024\/10\/AT55-W-Wit.jpg","type":"image\/jpeg"}],"twitter_card":"summary_large_image","twitter_misc":{"Est. reading time":"1 minute"},"schema":{"@context":"https:\/\/schema.org","@graph":[{"@type":"WebPage","@id":"https:\/\/www.simkon.de\/en\/travelling-axes\/abb-robot\/robottrack-at55-w\/","url":"https:\/\/www.simkon.de\/en\/travelling-axes\/abb-robot\/robottrack-at55-w\/","name":"Robottrack AT55-W - SimKon","isPartOf":{"@id":"https:\/\/www.simkon.de\/#website"},"primaryImageOfPage":{"@id":"https:\/\/www.simkon.de\/en\/travelling-axes\/abb-robot\/robottrack-at55-w\/#primaryimage"},"image":{"@id":"https:\/\/www.simkon.de\/en\/travelling-axes\/abb-robot\/robottrack-at55-w\/#primaryimage"},"thumbnailUrl":"https:\/\/www.simkon.de\/wp-content\/uploads\/2024\/10\/AT55-W-Wit.jpg","datePublished":"2024-10-14T06:59:40+00:00","dateModified":"2024-10-18T09:46:37+00:00","description":"SimKon ist Spezialist f\u00fcr Linearverfahrachsen f\u00fcr Industrieroboter sowie f\u00fcr die Werkst\u00fcckpositionierung mit Dreh-Kipp-Tischen. Weitere infos!","breadcrumb":{"@id":"https:\/\/www.simkon.de\/en\/travelling-axes\/abb-robot\/robottrack-at55-w\/#breadcrumb"},"inLanguage":"en-US","potentialAction":[{"@type":"ReadAction","target":["https:\/\/www.simkon.de\/en\/travelling-axes\/abb-robot\/robottrack-at55-w\/"]}]},{"@type":"ImageObject","inLanguage":"en-US","@id":"https:\/\/www.simkon.de\/en\/travelling-axes\/abb-robot\/robottrack-at55-w\/#primaryimage","url":"https:\/\/www.simkon.de\/wp-content\/uploads\/2024\/10\/AT55-W-Wit.jpg","contentUrl":"https:\/\/www.simkon.de\/wp-content\/uploads\/2024\/10\/AT55-W-Wit.jpg","width":1158,"height":819},{"@type":"BreadcrumbList","@id":"https:\/\/www.simkon.de\/en\/travelling-axes\/abb-robot\/robottrack-at55-w\/#breadcrumb","itemListElement":[{"@type":"ListItem","position":1,"name":"Home","item":"https:\/\/www.simkon.de\/en\/"},{"@type":"ListItem","position":2,"name":"Travelling axes","item":"https:\/\/www.simkon.de\/en\/travelling-axes\/"},{"@type":"ListItem","position":3,"name":"ABB robot","item":"https:\/\/www.simkon.de\/en\/travelling-axes\/abb-robot\/"},{"@type":"ListItem","position":4,"name":"Robottrack AT55-W"}]},{"@type":"WebSite","@id":"https:\/\/www.simkon.de\/#website","url":"https:\/\/www.simkon.de\/","name":"SimKon","description":"by Vansichen","publisher":{"@id":"https:\/\/www.simkon.de\/#organization"},"potentialAction":[{"@type":"SearchAction","target":{"@type":"EntryPoint","urlTemplate":"https:\/\/www.simkon.de\/?s={search_term_string}"},"query-input":{"@type":"PropertyValueSpecification","valueRequired":true,"valueName":"search_term_string"}}],"inLanguage":"en-US"},{"@type":"Organization","@id":"https:\/\/www.simkon.de\/#organization","name":"SimKon","url":"https:\/\/www.simkon.de\/","logo":{"@type":"ImageObject","inLanguage":"en-US","@id":"https:\/\/www.simkon.de\/#\/schema\/logo\/image\/","url":"https:\/\/www.simkon.de\/wp-content\/uploads\/2020\/08\/favicon.png","contentUrl":"https:\/\/www.simkon.de\/wp-content\/uploads\/2020\/08\/favicon.png","width":107,"height":107,"caption":"SimKon"},"image":{"@id":"https:\/\/www.simkon.de\/#\/schema\/logo\/image\/"},"sameAs":["https:\/\/www.facebook.com\/simkongmbh","https:\/\/www.linkedin.com\/company\/simkon-by-vansichen\/"]}]}},"_links":{"self":[{"href":"https:\/\/www.simkon.de\/en\/wp-json\/wp\/v2\/pages\/2574","targetHints":{"allow":["GET"]}}],"collection":[{"href":"https:\/\/www.simkon.de\/en\/wp-json\/wp\/v2\/pages"}],"about":[{"href":"https:\/\/www.simkon.de\/en\/wp-json\/wp\/v2\/types\/page"}],"author":[{"embeddable":true,"href":"https:\/\/www.simkon.de\/en\/wp-json\/wp\/v2\/users\/4"}],"replies":[{"embeddable":true,"href":"https:\/\/www.simkon.de\/en\/wp-json\/wp\/v2\/comments?post=2574"}],"version-history":[{"count":5,"href":"https:\/\/www.simkon.de\/en\/wp-json\/wp\/v2\/pages\/2574\/revisions"}],"predecessor-version":[{"id":3058,"href":"https:\/\/www.simkon.de\/en\/wp-json\/wp\/v2\/pages\/2574\/revisions\/3058"}],"up":[{"embeddable":true,"href":"https:\/\/www.simkon.de\/en\/wp-json\/wp\/v2\/pages\/357"}],"wp:featuredmedia":[{"embeddable":true,"href":"https:\/\/www.simkon.de\/en\/wp-json\/wp\/v2\/media\/2568"}],"wp:attachment":[{"href":"https:\/\/www.simkon.de\/en\/wp-json\/wp\/v2\/media?parent=2574"}],"curies":[{"name":"wp","href":"https:\/\/api.w.org\/{rel}","templated":true}]}}