{"id":2295,"date":"2024-10-11T05:34:08","date_gmt":"2024-10-11T05:34:08","guid":{"rendered":"https:\/\/www.simkon.de\/travelling-axes\/fanuc-robot\/verfahrachse-ft55-t\/"},"modified":"2025-10-07T12:46:48","modified_gmt":"2025-10-07T12:46:48","slug":"verfahrachse-ft55-t","status":"publish","type":"page","link":"https:\/\/www.simkon.de\/en\/travelling-axes\/fanuc-robot\/robottrack-ft55-t\/","title":{"rendered":"Robottrack FT55-T"},"content":{"rendered":"<div class=\"wpb-content-wrapper\"><p>[vc_row][vc_column][vc_custom_heading text=&#8221;ROBOTTRACK FT55-T&#8221; font_container=&#8221;tag:h1|font_size:53px|text_align:left|color:%23e6007e&#8221; google_fonts=&#8221;font_family:Source%20Sans%20Pro%3A200%2C200italic%2C300%2C300italic%2Cregular%2Citalic%2C600%2C600italic%2C700%2C700italic%2C900%2C900italic|font_style:900%20bold%20regular%3A900%3Anormal&#8221;][vc_row_inner][vc_column_inner width=&#8221;1\/2&#8243;][vc_column_text css_animation=&#8221;fadeInUp&#8221;]<\/p>\n<div class=\"tg-wrap\">\n<table class=\"tg\">\n<tbody>\n<tr>\n<td class=\"tg-q0ss\" style=\"text-align: left;\">Mounting position<\/td>\n<td class=\"tg-0lax\" style=\"text-align: left;\">Floor<\/td>\n<\/tr>\n<tr>\n<td class=\"tg-0lax\" style=\"text-align: left;\">Mass axis<\/td>\n<td class=\"tg-0lax\" style=\"text-align: left;\">523 kg\/m<\/td>\n<\/tr>\n<tr>\n<td class=\"tg-0lax\" style=\"text-align: left;\">Guiding rollsize<\/td>\n<td class=\"tg-0lax\" style=\"text-align: left;\">55<\/td>\n<\/tr>\n<tr>\n<td class=\"tg-0lax\" style=\"text-align: left;\">Driving system<\/td>\n<td class=\"tg-0lax\" style=\"text-align: left;\">M5<\/td>\n<\/tr>\n<\/tbody>\n<\/table>\n<\/div>\n<p>[\/vc_column_text][vc_column_text css_animation=&#8221;fadeInUp&#8221;]<strong>1 drive motor<\/strong><\/p>\n<div class=\"tg-wrap\">\n<table class=\"tg\">\n<tbody>\n<tr>\n<td class=\"tg-0lax\" style=\"text-align: left;\">Acceleration<\/td>\n<td class=\"tg-0lax\" style=\"text-align: left;\">0.88 m\/s\u00b2<\/td>\n<\/tr>\n<tr>\n<td class=\"tg-0lax\" style=\"text-align: left;\">Speed<\/td>\n<td class=\"tg-0lax\" style=\"text-align: left;\">0.88 m\/s<\/td>\n<\/tr>\n<\/tbody>\n<\/table>\n<\/div>\n<p>[\/vc_column_text][vc_column_text css_animation=&#8221;fadeInUp&#8221;]<strong>2 drive motor<\/strong><\/p>\n<div class=\"tg-wrap\">\n<table class=\"tg\">\n<tbody>\n<tr>\n<td class=\"tg-0lax\" style=\"text-align: left;\">Acceleration<\/td>\n<td class=\"tg-0lax\" style=\"text-align: left;\">1.00 m\/s\u00b2<\/td>\n<\/tr>\n<tr>\n<td class=\"tg-0lax\" style=\"text-align: left;\">Speed<\/td>\n<td class=\"tg-0lax\" style=\"text-align: left;\">1.03 m\/s<\/td>\n<\/tr>\n<\/tbody>\n<\/table>\n<\/div>\n<p>[\/vc_column_text][\/vc_column_inner][vc_column_inner width=&#8221;1\/2&#8243;][vc_column_text css_animation=&#8221;fadeInUp&#8221;]<\/p>\n<div class=\"tg-wrap\">\n<table class=\"tg\">\n<tbody>\n<tr>\n<td class=\"tg-q0ss\" style=\"text-align: left;\"><strong>Suitable FANUC robots<\/strong><\/td>\n<\/tr>\n<tr>\n<td class=\"tg-0lax\" style=\"text-align: left;\">M-1000iA<\/td>\n<\/tr>\n<tr>\n<td class=\"tg-0lax\" style=\"text-align: left;\">M-2000iA\/900L<\/td>\n<\/tr>\n<tr>\n<td class=\"tg-0lax\" style=\"text-align: left;\">M-2000iA\/1200<\/td>\n<\/tr>\n<\/tbody>\n<\/table>\n<\/div>\n<p>[\/vc_column_text][\/vc_column_inner][\/vc_row_inner][vc_custom_heading text=&#8221;DOWNLOAD 3D FILE VIA CONFIGURATOR&#8221; font_container=&#8221;tag:h2|font_size:30px|text_align:left|color:%23e6007e&#8221; google_fonts=&#8221;font_family:Source%20Sans%20Pro%3A200%2C200italic%2C300%2C300italic%2Cregular%2Citalic%2C600%2C600italic%2C700%2C700italic%2C900%2C900italic|font_style:900%20bold%20regular%3A900%3Anormal&#8221;][vc_separator color=&#8221;custom&#8221; border_width=&#8221;2&#8243; accent_color=&#8221;#e6007e&#8221;][vc_raw_html]JTNDZGl2JTIwaWQlM0QlMjJ0cC1wYXJ0cy1pbmplY3RvciUyMiUyMHByb2R1Y3QlM0QlMjIxMC0xMjEwMjAyMy0wNzcxMDklMjIlMjBlbHMtaWQlM0QlMjJ2YW5zaWNoZW4lMjIlMjBkYXRhLWNvbmZpZ3VyYXRvci10eXBlJTNEJTIyZ3JpZCUyMiUyMHN0eWxlJTNEJTIyaGVpZ2h0JTNBJTIwNTAwcHglM0IlMjB3aWR0aCUzQSUyMDEwMCUyNSUzQiUyMiUzRSUzQyUyRmRpdiUzRQ==[\/vc_raw_html][vc_separator color=&#8221;custom&#8221; border_width=&#8221;2&#8243; accent_color=&#8221;#e6007e&#8221;][vc_row_inner][vc_column_inner width=&#8221;1\/2&#8243;][vc_single_image image=&#8221;2293&#8243; img_size=&#8221;full&#8221; onclick=&#8221;link_image&#8221; css_animation=&#8221;fadeInUp&#8221;][\/vc_column_inner][vc_column_inner width=&#8221;1\/2&#8243;][vc_single_image image=&#8221;2289&#8243; img_size=&#8221;full&#8221; onclick=&#8221;link_image&#8221; css_animation=&#8221;fadeInUp&#8221;][\/vc_column_inner][\/vc_row_inner][\/vc_column][\/vc_row]<\/p>\n<\/div>","protected":false},"excerpt":{"rendered":"<p>[vc_row][vc_column][vc_custom_heading text=&#8221;ROBOTTRACK FT55-T&#8221; font_container=&#8221;tag:h1|font_size:53px|text_align:left|color:%23e6007e&#8221; google_fonts=&#8221;font_family:Source%20Sans%20Pro%3A200%2C200italic%2C300%2C300italic%2Cregular%2Citalic%2C600%2C600italic%2C700%2C700italic%2C900%2C900italic|font_style:900%20bold%20regular%3A900%3Anormal&#8221;][vc_row_inner][vc_column_inner width=&#8221;1\/2&#8243;][vc_column_text css_animation=&#8221;fadeInUp&#8221;] Mounting position Floor Mass axis 523 kg\/m Guiding rollsize 55 Driving system M5 [\/vc_column_text][vc_column_text css_animation=&#8221;fadeInUp&#8221;]1 drive motor Acceleration 0.88<span class=\"excerpt-hellip\"> [\u2026]<\/span><\/p>\n","protected":false},"author":4,"featured_media":2289,"parent":347,"menu_order":0,"comment_status":"closed","ping_status":"closed","template":"","meta":{"inline_featured_image":false,"footnotes":""},"class_list":["post-2295","page","type-page","status-publish","has-post-thumbnail","hentry","catrobottracks-m-1000-en","catrobottracks-m-1000ia-en","catrobottracks-m-2000ia-1200-en","catrobottracks-m-2000ia-900l-en","manufacturers-fanuc-en"],"yoast_head":"<!-- This site is optimized with the Yoast SEO plugin v26.0 - https:\/\/yoast.com\/wordpress\/plugins\/seo\/ -->\n<title>Robottrack FT55-T - SimKon<\/title>\n<meta name=\"description\" content=\"SimKon ist Spezialist f\u00fcr Linearverfahrachsen f\u00fcr Industrieroboter sowie f\u00fcr die Werkst\u00fcckpositionierung mit Dreh-Kipp-Tischen. Weitere infos!\" \/>\n<meta name=\"robots\" content=\"index, follow, max-snippet:-1, max-image-preview:large, max-video-preview:-1\" \/>\n<link rel=\"canonical\" href=\"https:\/\/www.simkon.de\/en\/travelling-axes\/fanuc-robot\/robottrack-ft55-t\/\" \/>\n<meta property=\"og:locale\" content=\"en_US\" \/>\n<meta property=\"og:type\" content=\"article\" \/>\n<meta property=\"og:title\" content=\"Robottrack FT55-T - SimKon\" \/>\n<meta property=\"og:description\" content=\"SimKon ist Spezialist f\u00fcr Linearverfahrachsen f\u00fcr Industrieroboter sowie f\u00fcr die Werkst\u00fcckpositionierung mit Dreh-Kipp-Tischen. Weitere infos!\" \/>\n<meta property=\"og:url\" content=\"https:\/\/www.simkon.de\/en\/travelling-axes\/fanuc-robot\/robottrack-ft55-t\/\" \/>\n<meta property=\"og:site_name\" content=\"SimKon\" \/>\n<meta property=\"article:publisher\" content=\"https:\/\/www.facebook.com\/simkongmbh\" \/>\n<meta property=\"article:modified_time\" content=\"2025-10-07T12:46:48+00:00\" \/>\n<meta property=\"og:image\" content=\"https:\/\/www.simkon.de\/wp-content\/uploads\/2024\/10\/FT55T-Image-0001-20pct.jpg\" \/>\n\t<meta property=\"og:image:width\" content=\"1600\" \/>\n\t<meta property=\"og:image:height\" content=\"1000\" \/>\n\t<meta property=\"og:image:type\" content=\"image\/jpeg\" \/>\n<meta name=\"twitter:card\" content=\"summary_large_image\" \/>\n<meta name=\"twitter:label1\" content=\"Est. reading time\" \/>\n\t<meta name=\"twitter:data1\" content=\"2 minutes\" \/>\n<script type=\"application\/ld+json\" class=\"yoast-schema-graph\">{\"@context\":\"https:\/\/schema.org\",\"@graph\":[{\"@type\":\"WebPage\",\"@id\":\"https:\/\/www.simkon.de\/en\/travelling-axes\/fanuc-robot\/robottrack-ft55-t\/\",\"url\":\"https:\/\/www.simkon.de\/en\/travelling-axes\/fanuc-robot\/robottrack-ft55-t\/\",\"name\":\"Robottrack FT55-T - SimKon\",\"isPartOf\":{\"@id\":\"https:\/\/www.simkon.de\/#website\"},\"primaryImageOfPage\":{\"@id\":\"https:\/\/www.simkon.de\/en\/travelling-axes\/fanuc-robot\/robottrack-ft55-t\/#primaryimage\"},\"image\":{\"@id\":\"https:\/\/www.simkon.de\/en\/travelling-axes\/fanuc-robot\/robottrack-ft55-t\/#primaryimage\"},\"thumbnailUrl\":\"https:\/\/www.simkon.de\/wp-content\/uploads\/2024\/10\/FT55T-Image-0001-20pct.jpg\",\"datePublished\":\"2024-10-11T05:34:08+00:00\",\"dateModified\":\"2025-10-07T12:46:48+00:00\",\"description\":\"SimKon ist Spezialist f\u00fcr Linearverfahrachsen f\u00fcr Industrieroboter sowie f\u00fcr die Werkst\u00fcckpositionierung mit Dreh-Kipp-Tischen. Weitere infos!\",\"breadcrumb\":{\"@id\":\"https:\/\/www.simkon.de\/en\/travelling-axes\/fanuc-robot\/robottrack-ft55-t\/#breadcrumb\"},\"inLanguage\":\"en-US\",\"potentialAction\":[{\"@type\":\"ReadAction\",\"target\":[\"https:\/\/www.simkon.de\/en\/travelling-axes\/fanuc-robot\/robottrack-ft55-t\/\"]}]},{\"@type\":\"ImageObject\",\"inLanguage\":\"en-US\",\"@id\":\"https:\/\/www.simkon.de\/en\/travelling-axes\/fanuc-robot\/robottrack-ft55-t\/#primaryimage\",\"url\":\"https:\/\/www.simkon.de\/wp-content\/uploads\/2024\/10\/FT55T-Image-0001-20pct.jpg\",\"contentUrl\":\"https:\/\/www.simkon.de\/wp-content\/uploads\/2024\/10\/FT55T-Image-0001-20pct.jpg\",\"width\":1600,\"height\":1000},{\"@type\":\"BreadcrumbList\",\"@id\":\"https:\/\/www.simkon.de\/en\/travelling-axes\/fanuc-robot\/robottrack-ft55-t\/#breadcrumb\",\"itemListElement\":[{\"@type\":\"ListItem\",\"position\":1,\"name\":\"Home\",\"item\":\"https:\/\/www.simkon.de\/en\/\"},{\"@type\":\"ListItem\",\"position\":2,\"name\":\"Travelling axes\",\"item\":\"https:\/\/www.simkon.de\/en\/travelling-axes\/\"},{\"@type\":\"ListItem\",\"position\":3,\"name\":\"Fanuc robot\",\"item\":\"https:\/\/www.simkon.de\/en\/travelling-axes\/fanuc-robot\/\"},{\"@type\":\"ListItem\",\"position\":4,\"name\":\"Robottrack FT55-T\"}]},{\"@type\":\"WebSite\",\"@id\":\"https:\/\/www.simkon.de\/#website\",\"url\":\"https:\/\/www.simkon.de\/\",\"name\":\"SimKon\",\"description\":\"by Vansichen\",\"publisher\":{\"@id\":\"https:\/\/www.simkon.de\/#organization\"},\"potentialAction\":[{\"@type\":\"SearchAction\",\"target\":{\"@type\":\"EntryPoint\",\"urlTemplate\":\"https:\/\/www.simkon.de\/?s={search_term_string}\"},\"query-input\":{\"@type\":\"PropertyValueSpecification\",\"valueRequired\":true,\"valueName\":\"search_term_string\"}}],\"inLanguage\":\"en-US\"},{\"@type\":\"Organization\",\"@id\":\"https:\/\/www.simkon.de\/#organization\",\"name\":\"SimKon\",\"url\":\"https:\/\/www.simkon.de\/\",\"logo\":{\"@type\":\"ImageObject\",\"inLanguage\":\"en-US\",\"@id\":\"https:\/\/www.simkon.de\/#\/schema\/logo\/image\/\",\"url\":\"https:\/\/www.simkon.de\/wp-content\/uploads\/2020\/08\/favicon.png\",\"contentUrl\":\"https:\/\/www.simkon.de\/wp-content\/uploads\/2020\/08\/favicon.png\",\"width\":107,\"height\":107,\"caption\":\"SimKon\"},\"image\":{\"@id\":\"https:\/\/www.simkon.de\/#\/schema\/logo\/image\/\"},\"sameAs\":[\"https:\/\/www.facebook.com\/simkongmbh\",\"https:\/\/www.linkedin.com\/company\/simkon-by-vansichen\/\"]}]}<\/script>\n<!-- \/ Yoast SEO plugin. -->","yoast_head_json":{"title":"Robottrack FT55-T - SimKon","description":"SimKon ist Spezialist f\u00fcr Linearverfahrachsen f\u00fcr Industrieroboter sowie f\u00fcr die Werkst\u00fcckpositionierung mit Dreh-Kipp-Tischen. Weitere infos!","robots":{"index":"index","follow":"follow","max-snippet":"max-snippet:-1","max-image-preview":"max-image-preview:large","max-video-preview":"max-video-preview:-1"},"canonical":"https:\/\/www.simkon.de\/en\/travelling-axes\/fanuc-robot\/robottrack-ft55-t\/","og_locale":"en_US","og_type":"article","og_title":"Robottrack FT55-T - SimKon","og_description":"SimKon ist Spezialist f\u00fcr Linearverfahrachsen f\u00fcr Industrieroboter sowie f\u00fcr die Werkst\u00fcckpositionierung mit Dreh-Kipp-Tischen. Weitere infos!","og_url":"https:\/\/www.simkon.de\/en\/travelling-axes\/fanuc-robot\/robottrack-ft55-t\/","og_site_name":"SimKon","article_publisher":"https:\/\/www.facebook.com\/simkongmbh","article_modified_time":"2025-10-07T12:46:48+00:00","og_image":[{"width":1600,"height":1000,"url":"https:\/\/www.simkon.de\/wp-content\/uploads\/2024\/10\/FT55T-Image-0001-20pct.jpg","type":"image\/jpeg"}],"twitter_card":"summary_large_image","twitter_misc":{"Est. reading time":"2 minutes"},"schema":{"@context":"https:\/\/schema.org","@graph":[{"@type":"WebPage","@id":"https:\/\/www.simkon.de\/en\/travelling-axes\/fanuc-robot\/robottrack-ft55-t\/","url":"https:\/\/www.simkon.de\/en\/travelling-axes\/fanuc-robot\/robottrack-ft55-t\/","name":"Robottrack FT55-T - SimKon","isPartOf":{"@id":"https:\/\/www.simkon.de\/#website"},"primaryImageOfPage":{"@id":"https:\/\/www.simkon.de\/en\/travelling-axes\/fanuc-robot\/robottrack-ft55-t\/#primaryimage"},"image":{"@id":"https:\/\/www.simkon.de\/en\/travelling-axes\/fanuc-robot\/robottrack-ft55-t\/#primaryimage"},"thumbnailUrl":"https:\/\/www.simkon.de\/wp-content\/uploads\/2024\/10\/FT55T-Image-0001-20pct.jpg","datePublished":"2024-10-11T05:34:08+00:00","dateModified":"2025-10-07T12:46:48+00:00","description":"SimKon ist Spezialist f\u00fcr Linearverfahrachsen f\u00fcr Industrieroboter sowie f\u00fcr die Werkst\u00fcckpositionierung mit Dreh-Kipp-Tischen. Weitere infos!","breadcrumb":{"@id":"https:\/\/www.simkon.de\/en\/travelling-axes\/fanuc-robot\/robottrack-ft55-t\/#breadcrumb"},"inLanguage":"en-US","potentialAction":[{"@type":"ReadAction","target":["https:\/\/www.simkon.de\/en\/travelling-axes\/fanuc-robot\/robottrack-ft55-t\/"]}]},{"@type":"ImageObject","inLanguage":"en-US","@id":"https:\/\/www.simkon.de\/en\/travelling-axes\/fanuc-robot\/robottrack-ft55-t\/#primaryimage","url":"https:\/\/www.simkon.de\/wp-content\/uploads\/2024\/10\/FT55T-Image-0001-20pct.jpg","contentUrl":"https:\/\/www.simkon.de\/wp-content\/uploads\/2024\/10\/FT55T-Image-0001-20pct.jpg","width":1600,"height":1000},{"@type":"BreadcrumbList","@id":"https:\/\/www.simkon.de\/en\/travelling-axes\/fanuc-robot\/robottrack-ft55-t\/#breadcrumb","itemListElement":[{"@type":"ListItem","position":1,"name":"Home","item":"https:\/\/www.simkon.de\/en\/"},{"@type":"ListItem","position":2,"name":"Travelling axes","item":"https:\/\/www.simkon.de\/en\/travelling-axes\/"},{"@type":"ListItem","position":3,"name":"Fanuc robot","item":"https:\/\/www.simkon.de\/en\/travelling-axes\/fanuc-robot\/"},{"@type":"ListItem","position":4,"name":"Robottrack FT55-T"}]},{"@type":"WebSite","@id":"https:\/\/www.simkon.de\/#website","url":"https:\/\/www.simkon.de\/","name":"SimKon","description":"by Vansichen","publisher":{"@id":"https:\/\/www.simkon.de\/#organization"},"potentialAction":[{"@type":"SearchAction","target":{"@type":"EntryPoint","urlTemplate":"https:\/\/www.simkon.de\/?s={search_term_string}"},"query-input":{"@type":"PropertyValueSpecification","valueRequired":true,"valueName":"search_term_string"}}],"inLanguage":"en-US"},{"@type":"Organization","@id":"https:\/\/www.simkon.de\/#organization","name":"SimKon","url":"https:\/\/www.simkon.de\/","logo":{"@type":"ImageObject","inLanguage":"en-US","@id":"https:\/\/www.simkon.de\/#\/schema\/logo\/image\/","url":"https:\/\/www.simkon.de\/wp-content\/uploads\/2020\/08\/favicon.png","contentUrl":"https:\/\/www.simkon.de\/wp-content\/uploads\/2020\/08\/favicon.png","width":107,"height":107,"caption":"SimKon"},"image":{"@id":"https:\/\/www.simkon.de\/#\/schema\/logo\/image\/"},"sameAs":["https:\/\/www.facebook.com\/simkongmbh","https:\/\/www.linkedin.com\/company\/simkon-by-vansichen\/"]}]}},"_links":{"self":[{"href":"https:\/\/www.simkon.de\/en\/wp-json\/wp\/v2\/pages\/2295","targetHints":{"allow":["GET"]}}],"collection":[{"href":"https:\/\/www.simkon.de\/en\/wp-json\/wp\/v2\/pages"}],"about":[{"href":"https:\/\/www.simkon.de\/en\/wp-json\/wp\/v2\/types\/page"}],"author":[{"embeddable":true,"href":"https:\/\/www.simkon.de\/en\/wp-json\/wp\/v2\/users\/4"}],"replies":[{"embeddable":true,"href":"https:\/\/www.simkon.de\/en\/wp-json\/wp\/v2\/comments?post=2295"}],"version-history":[{"count":5,"href":"https:\/\/www.simkon.de\/en\/wp-json\/wp\/v2\/pages\/2295\/revisions"}],"predecessor-version":[{"id":3025,"href":"https:\/\/www.simkon.de\/en\/wp-json\/wp\/v2\/pages\/2295\/revisions\/3025"}],"up":[{"embeddable":true,"href":"https:\/\/www.simkon.de\/en\/wp-json\/wp\/v2\/pages\/347"}],"wp:featuredmedia":[{"embeddable":true,"href":"https:\/\/www.simkon.de\/en\/wp-json\/wp\/v2\/media\/2289"}],"wp:attachment":[{"href":"https:\/\/www.simkon.de\/en\/wp-json\/wp\/v2\/media?parent=2295"}],"curies":[{"name":"wp","href":"https:\/\/api.w.org\/{rel}","templated":true}]}}